{"id":439,"date":"2014-04-30T08:22:00","date_gmt":"2014-04-30T08:22:00","guid":{"rendered":"http:\/\/localhost\/whb\/?page_id=439"},"modified":"2018-05-28T16:42:36","modified_gmt":"2018-05-28T16:42:36","slug":"kontakt","status":"publish","type":"page","link":"https:\/\/www.bollywoodlounge.pl\/gdn\/kontakt\/","title":{"rendered":"Kontakt"},"content":{"rendered":"\n<div class=\"wpcf7 no-js\" id=\"wpcf7-f1660-o1\" lang=\"en-US\" dir=\"ltr\">\n<div class=\"screen-reader-response\"><p role=\"status\" aria-live=\"polite\" aria-atomic=\"true\"><\/p> <ul><\/ul><\/div>\n<form action=\"\/gdn\/wp-json\/wp\/v2\/pages\/439#wpcf7-f1660-o1\" method=\"post\" class=\"wpcf7-form init\" aria-label=\"Contact form\" novalidate=\"novalidate\" data-status=\"init\">\n<div style=\"display: none;\">\n<input type=\"hidden\" name=\"_wpcf7\" value=\"1660\" \/>\n<input type=\"hidden\" name=\"_wpcf7_version\" value=\"5.9.8\" \/>\n<input type=\"hidden\" name=\"_wpcf7_locale\" value=\"en_US\" \/>\n<input type=\"hidden\" name=\"_wpcf7_unit_tag\" value=\"wpcf7-f1660-o1\" \/>\n<input type=\"hidden\" name=\"_wpcf7_container_post\" value=\"0\" \/>\n<input type=\"hidden\" name=\"_wpcf7_posted_data_hash\" value=\"\" \/>\n<\/div>\n<div class=\"contact-form\">\n\t<div id=\"form_messages\" class=\"submit_message\">\n\t<\/div>\n\t<div class=\"form-field_text pull-left \">\n\t\t<p><label class=\"label_title\" for=\"the-flavour_imienazwisko\">IMI\u0118 \/ NAZWISKO :<\/label><br \/>\n<span class=\"wpcf7-form-control-wrap\" data-name=\"your-name\"><input size=\"40\" maxlength=\"400\" class=\"wpcf7-form-control wpcf7-text wpcf7-validates-as-required\" aria-required=\"true\" aria-invalid=\"false\" value=\"\" type=\"text\" name=\"your-name\" \/><\/span>\n\t\t<\/p>\n\t<\/div>\n\t<div class=\"form-field_text pull-left  omega \" style=\"\">\n\t\t<p><label class=\"label_title\" for=\"the-flavour_email\">EMAIL :<\/label><br \/>\n<span class=\"wpcf7-form-control-wrap\" data-name=\"your-email\"><input size=\"40\" maxlength=\"400\" class=\"wpcf7-form-control wpcf7-email wpcf7-validates-as-required wpcf7-text wpcf7-validates-as-email\" aria-required=\"true\" aria-invalid=\"false\" value=\"\" type=\"email\" name=\"your-email\" \/><\/span>\n\t\t<\/p>\n\t<\/div>\n\t<div class=\"clear\">\n\t<\/div>\n\t<div class=\"form-field_textarea\" style=\"\">\n\t\t<p><label class=\"label_title\" for=\"the-flavour_komentarz\">KOMENTARZ :<\/label><br \/>\n<span class=\"wpcf7-form-control-wrap\" data-name=\"your-message\"><textarea cols=\"40\" rows=\"10\" maxlength=\"2000\" class=\"wpcf7-form-control wpcf7-textarea\" aria-invalid=\"false\" name=\"your-message\"><\/textarea><\/span>\n\t\t<\/p>\n\t<\/div>\n\t<div class=\"clear\">\n\t<\/div>\n\t<div class=\"form-field_text pull-left field_checkbox input_styled  \" >\n\t\t<p><span class=\"wpcf7-form-control-wrap\" data-name=\"acceptance-844\"><span class=\"wpcf7-form-control wpcf7-acceptance\"><span class=\"wpcf7-list-item\"><label><input type=\"checkbox\" name=\"acceptance-844\" value=\"1\" aria-invalid=\"false\" \/><span class=\"wpcf7-list-item-label\">Administratorem Pa\u0144stwa danych osobowych jest Sp\u00f3\u0142ka N5N Sp. z o.o., z siedzib\u0105 w Gdyni (81350), Pl. Kaszubski 8\/311, wpisana do Krajowego Rejestru S\u0105dowego pod numerem KRS 344365 i pos\u0142uguj\u0105ca si\u0119 numerem NIP 5862247439. Dane podane w formularzu kontaktowym zostan\u0105 przetworzone w celu udzielenia odpowiedzi na wpisane zapytanie.<\/span><\/label><\/span><\/span><\/span>\n\t\t<\/p>\n\t<\/div>\n\t<div class=\"clear\">\n\t<\/div>\n\t<div class=\"submit-form clearfix\" style=\"width:100%\">\n\t\t<p><input class=\"wpcf7-form-control wpcf7-submit has-spinner\" type=\"submit\" value=\"WY\u015aLIJ\" \/>\n\t\t<\/p>\n\t<\/div>\n<\/div><div class=\"wpcf7-response-output\" aria-hidden=\"true\"><\/div>\n<\/form>\n<\/div>\n\n","protected":false},"excerpt":{"rendered":"","protected":false},"author":1,"featured_media":0,"parent":0,"menu_order":0,"comment_status":"closed","ping_status":"closed","template":"","meta":{"footnotes":""},"class_list":["post-439","page","type-page","status-publish","hentry"],"_links":{"self":[{"href":"https:\/\/www.bollywoodlounge.pl\/gdn\/wp-json\/wp\/v2\/pages\/439"}],"collection":[{"href":"https:\/\/www.bollywoodlounge.pl\/gdn\/wp-json\/wp\/v2\/pages"}],"about":[{"href":"https:\/\/www.bollywoodlounge.pl\/gdn\/wp-json\/wp\/v2\/types\/page"}],"author":[{"embeddable":true,"href":"https:\/\/www.bollywoodlounge.pl\/gdn\/wp-json\/wp\/v2\/users\/1"}],"replies":[{"embeddable":true,"href":"https:\/\/www.bollywoodlounge.pl\/gdn\/wp-json\/wp\/v2\/comments?post=439"}],"version-history":[{"count":4,"href":"https:\/\/www.bollywoodlounge.pl\/gdn\/wp-json\/wp\/v2\/pages\/439\/revisions"}],"predecessor-version":[{"id":1661,"href":"https:\/\/www.bollywoodlounge.pl\/gdn\/wp-json\/wp\/v2\/pages\/439\/revisions\/1661"}],"wp:attachment":[{"href":"https:\/\/www.bollywoodlounge.pl\/gdn\/wp-json\/wp\/v2\/media?parent=439"}],"curies":[{"name":"wp","href":"https:\/\/api.w.org\/{rel}","templated":true}]}}